{"id":3766,"date":"2017-07-23T17:10:27","date_gmt":"2017-07-23T15:10:27","guid":{"rendered":"https:\/\/www.dynamicsproject.com\/?page_id=3766"},"modified":"2026-04-30T20:06:20","modified_gmt":"2026-04-30T18:06:20","slug":"performance-management-fuer-sql-server","status":"publish","type":"page","link":"https:\/\/www.dynamicsproject.com\/en\/","title":{"rendered":"Performance Tuning Service for Dynamics Business Central und Microsoft SQL Server"},"content":{"rendered":"<p> <strong>Performance management of Dynamics Business Central solutions and the SQL Server<\/strong> to ensure optimal operational capability, we always recommend to our customers. Should you need a little extra help e.g. with the <strong>Identify performance bottlenecks<\/strong> to ensure optimal usability is something we recommend to our customers time and time again. If you need a little extra help, e.g. with identifying performance bottlenecks in your Business Central solution, our professional team is available on an hourly basis or as part of one of our <a href=\"https:\/\/www.dynamicsproject.com\/en\/dynamics-365-business-central\/business-central-performance-tool.html\/\"><strong>V8 Care Pakete<\/strong><\/a> .<\/p>\n<p style=\"margin-bottom: 30px\"><br class=\"clear\" \/><\/p>\n<h1>V8 Monitor<\/h1>\n<p><a href=\"\/en\/support\/softwaredownloads\/\" style=\"font-size: 16px;text-transform: none;color: #656565;\"><strong>V8 Monitor<\/strong><\/a>&nbsp;is the fifth generation of our performance tools, our Business Central performance tools.<\/p>\n<hr class=\"featurette-divider\" \/>\n<p style=\"margin-bottom: 30px\"><br class=\"clear\" \/><\/p>\n<p><img fetchpriority=\"high\" decoding=\"async\" width=\"1920\" height=\"1032\" src=\"https:\/\/www.dynamicsproject.com\/wp-content\/uploads\/2026\/04\/V8-Monitor.jpg\" alt=\"Performance Monitor for Business Central\" class=\"aligncenter size-full wp-image-11495\" srcset=\"https:\/\/www.dynamicsproject.com\/wp-content\/uploads\/2026\/04\/V8-Monitor.jpg 1920w, https:\/\/www.dynamicsproject.com\/wp-content\/uploads\/2026\/04\/V8-Monitor-300x161.jpg 300w, https:\/\/www.dynamicsproject.com\/wp-content\/uploads\/2026\/04\/V8-Monitor-1024x550.jpg 1024w, https:\/\/www.dynamicsproject.com\/wp-content\/uploads\/2026\/04\/V8-Monitor-768x413.jpg 768w, https:\/\/www.dynamicsproject.com\/wp-content\/uploads\/2026\/04\/V8-Monitor-1536x826.jpg 1536w, https:\/\/www.dynamicsproject.com\/wp-content\/uploads\/2026\/04\/V8-Monitor-18x10.jpg 18w\" sizes=\"(max-width: 1920px) 100vw, 1920px\" \/><\/p>\n<p style=\"margin-bottom: 30px\"><br class=\"clear\" \/><\/p>\n<h4>Benefits of using V8 Monitor as a monitoring tool for your Business Central environment and SQL Server<\/h4>\n<p style=\"margin-bottom: 30px\"><br class=\"clear\" \/><\/p>\n<p>                    <i class=\"fas fa-check-circle me-2 text-success\"><\/i> Comprehensive monitoring of your SQL servers and Business Central servers for detailed database insights of performance issues<\/p>\n<p>                    <i class=\"fas fa-check-circle me-2 text-success\"><\/i> 24\/7 Monitoring of Business Central Servers from version 22 (on premise) and MS-SQL servers (version 2019 or higher)<\/p>\n<p>                    <i class=\"fas fa-check-circle me-2 text-success\"><\/i> See the execution time of Business Central SQL queries at a glance<\/p>\n<p>                    <i class=\"fas fa-check-circle me-2 text-success\"><\/i>Get the missing information about which AL object (table locks) is responsible for the performance problems!<\/p>\n<p style=\"margin-bottom: 60px\"><br class=\"clear\" \/><\/p>\n<h1>Our services<\/h1>\n<hr class=\"featurette-divider\" \/>\n<p style=\"margin-bottom: 60px;\">\n<div class=\"row row-cols-3 g-3\">\n<div class=\"col\">\n<div class=\"card border border-primary\">\n<div class=\"card-body\">\n<div class=\"position-center\"><\/div>\n<h5 class=\"card-title\">Performance optimization service for Dynamics Business Central<\/h5>\n<p class=\"card-text\">Analysis and optimization of blocking and deadlock processes. Optimization of the speed of slow-running processes to increase the performance of your Dynamics 365 Business Central solution.<\/p>\n<p style=\"margin-bottom: 30px\"><br class=\"clear\" \/><\/p>\n<\/p><\/div>\n<\/p><\/div>\n<\/p><\/div>\n<div class=\"col\">\n<div class=\"card border border-primary\">\n<div class=\"card-body\">\n<div class=\"position-center\"><\/div>\n<h5 class=\"card-title\">System integrity check for Business Central and SQL Server<\/h5>\n<p class=\"card-text\">Analysis and a comprehensive system integrity audit report along with recommended actions to improve the performance, concurrency and scalability of Business Central systems at a fixed price.<\/p>\n<p style=\"margin-bottom: 30px\"><br class=\"clear\" \/><\/p>\n<\/p><\/div>\n<\/p><\/div>\n<\/p><\/div>\n<div class=\"col\">\n<div class=\"card border border-primary\">\n<div class=\"card-body\">\n<div class=\"position-center\"><\/div>\n<h5 class=\"card-title\">Index optimization of Dynamics Business Central and SQL Server<\/h5>\n<p class=\"card-text\">To extend the service life of the application, remove unneeded indexes, reduce their number and reduce the maintenance windows. This saves database storage space as well as memory and backup resources.<\/p>\n<p style=\"margin-bottom: 30px\"><br class=\"clear\" \/><\/p>\n<\/p><\/div>\n<\/p><\/div>\n<\/p><\/div>\n<\/p><\/div>\n<p style=\"margin-bottom: 60px\"><br class=\"clear\" \/><\/p>\n<h5>Ready for your application<\/h5>\n<h2>Contact us now<\/h2>\n<p>    We are available around the clock by e-mail <strong>info@dynamicsproject.com.<\/strong> You can also use our contact form to ask a question about our software and services.<\/p>\n<p>    Or give us a call<\/p>\n<h3 style=\"font-size: 24px; text-align: left; color: #1979ca;\">Phone  +49 202 70 92 31 90<\/h3>\n<p style=\"margin-bottom: 30px\"\n    \n\n<p id=\"back-top\">\n        <a href=\"#top\"><span><\/span>Back to Top<\/a>\n    <\/p>","protected":false},"excerpt":{"rendered":"<p>Performance Management von Dynamics Business Central L\u00f6sungen und dem SQL Server zur Gew\u00e4hrleistung der optimalen Einsatzf\u00e4higkeit empfehlen wir unseren Kunden immer wieder. Sollten Sie ein wenig zus\u00e4tzliche Hilfe z.B. mit dem Identifizieren von Leistungsengp\u00e4ssen Ihrer Business Central L\u00f6sung ben\u00f6tigen, steht Ihnen unser professionelles Team auf Stundenbasis oder im Rahmen eines unserer V8 Care Pakete zur [&hellip;]<\/p>\n","protected":false},"author":2,"featured_media":0,"parent":0,"menu_order":0,"comment_status":"closed","ping_status":"closed","template":"","meta":{"footnotes":""},"class_list":["post-3766","page","type-page","status-publish","hentry"],"yoast_head":"<!-- This site is optimized with the Yoast SEO plugin v27.5 - https:\/\/yoast.com\/product\/yoast-seo-wordpress\/ -->\n<title>Performance Tuning Service f\u00fcr Dynamics Business Central<\/title>\n<meta name=\"description\" content=\"Performance Tuning Service f\u00fcr Dynamics Business Central. Warum ist Dynamics NAV\/365 Business Central langsam?\" \/>\n<meta name=\"robots\" content=\"index, follow, max-snippet:-1, max-image-preview:large, max-video-preview:-1\" \/>\n<link rel=\"canonical\" href=\"https:\/\/www.dynamicsproject.com\/en\/\" \/>\n<meta property=\"og:locale\" content=\"en_US\" \/>\n<meta property=\"og:type\" content=\"article\" \/>\n<meta property=\"og:title\" content=\"Performance Tuning Service f\u00fcr Dynamics Business Central\" \/>\n<meta property=\"og:description\" content=\"Performance Tuning Service f\u00fcr Dynamics Business Central. Warum ist Dynamics NAV\/365 Business Central langsam?\" \/>\n<meta property=\"og:url\" content=\"https:\/\/www.dynamicsproject.com\/en\/\" \/>\n<meta property=\"og:site_name\" content=\"Dynamicsproject.com\" \/>\n<meta property=\"article:modified_time\" content=\"2026-04-30T18:06:20+00:00\" \/>\n<meta property=\"og:image\" content=\"https:\/\/www.dynamicsproject.com\/wp-content\/uploads\/2026\/04\/V8-Monitor.jpg\" \/>\n\t<meta property=\"og:image:width\" content=\"1920\" \/>\n\t<meta property=\"og:image:height\" content=\"1032\" \/>\n\t<meta property=\"og:image:type\" content=\"image\/jpeg\" \/>\n<meta name=\"twitter:label1\" content=\"Est. reading time\" \/>\n\t<meta name=\"twitter:data1\" content=\"2 minutes\" \/>\n<script type=\"application\/ld+json\" class=\"yoast-schema-graph\">{\"@context\":\"https:\\\/\\\/schema.org\",\"@graph\":[{\"@type\":\"WebPage\",\"@id\":\"https:\\\/\\\/www.dynamicsproject.com\\\/\",\"url\":\"https:\\\/\\\/www.dynamicsproject.com\\\/\",\"name\":\"Performance Tuning Service f\u00fcr Dynamics Business Central\",\"isPartOf\":{\"@id\":\"https:\\\/\\\/www.dynamicsproject.com\\\/#website\"},\"primaryImageOfPage\":{\"@id\":\"https:\\\/\\\/www.dynamicsproject.com\\\/#primaryimage\"},\"image\":{\"@id\":\"https:\\\/\\\/www.dynamicsproject.com\\\/#primaryimage\"},\"thumbnailUrl\":\"https:\\\/\\\/www.dynamicsproject.com\\\/wp-content\\\/uploads\\\/2026\\\/04\\\/V8-Monitor.jpg\",\"datePublished\":\"2017-07-23T15:10:27+00:00\",\"dateModified\":\"2026-04-30T18:06:20+00:00\",\"description\":\"Performance Tuning Service f\u00fcr Dynamics Business Central. Warum ist Dynamics NAV\\\/365 Business Central langsam?\",\"breadcrumb\":{\"@id\":\"https:\\\/\\\/www.dynamicsproject.com\\\/#breadcrumb\"},\"inLanguage\":\"en-US\",\"potentialAction\":[{\"@type\":\"ReadAction\",\"target\":[\"https:\\\/\\\/www.dynamicsproject.com\\\/\"]}]},{\"@type\":\"ImageObject\",\"inLanguage\":\"en-US\",\"@id\":\"https:\\\/\\\/www.dynamicsproject.com\\\/#primaryimage\",\"url\":\"https:\\\/\\\/www.dynamicsproject.com\\\/wp-content\\\/uploads\\\/2026\\\/04\\\/V8-Monitor.jpg\",\"contentUrl\":\"https:\\\/\\\/www.dynamicsproject.com\\\/wp-content\\\/uploads\\\/2026\\\/04\\\/V8-Monitor.jpg\"},{\"@type\":\"BreadcrumbList\",\"@id\":\"https:\\\/\\\/www.dynamicsproject.com\\\/#breadcrumb\",\"itemListElement\":[{\"@type\":\"ListItem\",\"position\":1,\"name\":\"Startseite\",\"item\":\"https:\\\/\\\/www.dynamicsproject.com\\\/\"},{\"@type\":\"ListItem\",\"position\":2,\"name\":\"Performance Tuning Service f\u00fcr Dynamics Business Central und Microsoft SQL Server\"}]},{\"@type\":\"WebSite\",\"@id\":\"https:\\\/\\\/www.dynamicsproject.com\\\/#website\",\"url\":\"https:\\\/\\\/www.dynamicsproject.com\\\/\",\"name\":\"Dynamicsproject.com\",\"description\":\"\",\"publisher\":{\"@id\":\"https:\\\/\\\/www.dynamicsproject.com\\\/#organization\"},\"potentialAction\":[{\"@type\":\"SearchAction\",\"target\":{\"@type\":\"EntryPoint\",\"urlTemplate\":\"https:\\\/\\\/www.dynamicsproject.com\\\/?s={search_term_string}\"},\"query-input\":{\"@type\":\"PropertyValueSpecification\",\"valueRequired\":true,\"valueName\":\"search_term_string\"}}],\"inLanguage\":\"en-US\"},{\"@type\":\"Organization\",\"@id\":\"https:\\\/\\\/www.dynamicsproject.com\\\/#organization\",\"name\":\"Dynamicsproject.com\",\"url\":\"https:\\\/\\\/www.dynamicsproject.com\\\/\",\"logo\":{\"@type\":\"ImageObject\",\"inLanguage\":\"en-US\",\"@id\":\"https:\\\/\\\/www.dynamicsproject.com\\\/#\\\/schema\\\/logo\\\/image\\\/\",\"url\":\"https:\\\/\\\/www.dynamicsproject.com\\\/wp-content\\\/uploads\\\/2015\\\/05\\\/DPLogo.jpg\",\"contentUrl\":\"https:\\\/\\\/www.dynamicsproject.com\\\/wp-content\\\/uploads\\\/2015\\\/05\\\/DPLogo.jpg\",\"width\":350,\"height\":53,\"caption\":\"Dynamicsproject.com\"},\"image\":{\"@id\":\"https:\\\/\\\/www.dynamicsproject.com\\\/#\\\/schema\\\/logo\\\/image\\\/\"}}]}<\/script>\n<!-- \/ Yoast SEO plugin. -->","yoast_head_json":{"title":"Performance optimization service for Dynamics Business Central","description":"Performance Tuning Service f\u00fcr Dynamics Business Central. Warum ist Dynamics NAV\/365 Business Central langsam?","robots":{"index":"index","follow":"follow","max-snippet":"max-snippet:-1","max-image-preview":"max-image-preview:large","max-video-preview":"max-video-preview:-1"},"canonical":"https:\/\/www.dynamicsproject.com\/en\/","og_locale":"en_US","og_type":"article","og_title":"Performance Tuning Service f\u00fcr Dynamics Business Central","og_description":"Performance Tuning Service f\u00fcr Dynamics Business Central. Warum ist Dynamics NAV\/365 Business Central langsam?","og_url":"https:\/\/www.dynamicsproject.com\/en\/","og_site_name":"Dynamicsproject.com","article_modified_time":"2026-04-30T18:06:20+00:00","og_image":[{"width":1920,"height":1032,"url":"https:\/\/www.dynamicsproject.com\/wp-content\/uploads\/2026\/04\/V8-Monitor.jpg","type":"image\/jpeg"}],"twitter_misc":{"Est. reading time":"2 minutes"},"schema":{"@context":"https:\/\/schema.org","@graph":[{"@type":"WebPage","@id":"https:\/\/www.dynamicsproject.com\/","url":"https:\/\/www.dynamicsproject.com\/","name":"Performance optimization service for Dynamics Business Central","isPartOf":{"@id":"https:\/\/www.dynamicsproject.com\/#website"},"primaryImageOfPage":{"@id":"https:\/\/www.dynamicsproject.com\/#primaryimage"},"image":{"@id":"https:\/\/www.dynamicsproject.com\/#primaryimage"},"thumbnailUrl":"https:\/\/www.dynamicsproject.com\/wp-content\/uploads\/2026\/04\/V8-Monitor.jpg","datePublished":"2017-07-23T15:10:27+00:00","dateModified":"2026-04-30T18:06:20+00:00","description":"Performance Tuning Service f\u00fcr Dynamics Business Central. Warum ist Dynamics NAV\/365 Business Central langsam?","breadcrumb":{"@id":"https:\/\/www.dynamicsproject.com\/#breadcrumb"},"inLanguage":"en-US","potentialAction":[{"@type":"ReadAction","target":["https:\/\/www.dynamicsproject.com\/"]}]},{"@type":"ImageObject","inLanguage":"en-US","@id":"https:\/\/www.dynamicsproject.com\/#primaryimage","url":"https:\/\/www.dynamicsproject.com\/wp-content\/uploads\/2026\/04\/V8-Monitor.jpg","contentUrl":"https:\/\/www.dynamicsproject.com\/wp-content\/uploads\/2026\/04\/V8-Monitor.jpg"},{"@type":"BreadcrumbList","@id":"https:\/\/www.dynamicsproject.com\/#breadcrumb","itemListElement":[{"@type":"ListItem","position":1,"name":"Startseite","item":"https:\/\/www.dynamicsproject.com\/"},{"@type":"ListItem","position":2,"name":"Performance Tuning Service f\u00fcr Dynamics Business Central und Microsoft SQL Server"}]},{"@type":"WebSite","@id":"https:\/\/www.dynamicsproject.com\/#website","url":"https:\/\/www.dynamicsproject.com\/","name":"Dynamicsproject.com","description":"","publisher":{"@id":"https:\/\/www.dynamicsproject.com\/#organization"},"potentialAction":[{"@type":"SearchAction","target":{"@type":"EntryPoint","urlTemplate":"https:\/\/www.dynamicsproject.com\/?s={search_term_string}"},"query-input":{"@type":"PropertyValueSpecification","valueRequired":true,"valueName":"search_term_string"}}],"inLanguage":"en-US"},{"@type":"Organization","@id":"https:\/\/www.dynamicsproject.com\/#organization","name":"Dynamicsproject.com","url":"https:\/\/www.dynamicsproject.com\/","logo":{"@type":"ImageObject","inLanguage":"en-US","@id":"https:\/\/www.dynamicsproject.com\/#\/schema\/logo\/image\/","url":"https:\/\/www.dynamicsproject.com\/wp-content\/uploads\/2015\/05\/DPLogo.jpg","contentUrl":"https:\/\/www.dynamicsproject.com\/wp-content\/uploads\/2015\/05\/DPLogo.jpg","width":350,"height":53,"caption":"Dynamicsproject.com"},"image":{"@id":"https:\/\/www.dynamicsproject.com\/#\/schema\/logo\/image\/"}}]}},"_links":{"self":[{"href":"https:\/\/www.dynamicsproject.com\/en\/wp-json\/wp\/v2\/pages\/3766","targetHints":{"allow":["GET"]}}],"collection":[{"href":"https:\/\/www.dynamicsproject.com\/en\/wp-json\/wp\/v2\/pages"}],"about":[{"href":"https:\/\/www.dynamicsproject.com\/en\/wp-json\/wp\/v2\/types\/page"}],"author":[{"embeddable":true,"href":"https:\/\/www.dynamicsproject.com\/en\/wp-json\/wp\/v2\/users\/2"}],"replies":[{"embeddable":true,"href":"https:\/\/www.dynamicsproject.com\/en\/wp-json\/wp\/v2\/comments?post=3766"}],"version-history":[{"count":584,"href":"https:\/\/www.dynamicsproject.com\/en\/wp-json\/wp\/v2\/pages\/3766\/revisions"}],"predecessor-version":[{"id":11735,"href":"https:\/\/www.dynamicsproject.com\/en\/wp-json\/wp\/v2\/pages\/3766\/revisions\/11735"}],"wp:attachment":[{"href":"https:\/\/www.dynamicsproject.com\/en\/wp-json\/wp\/v2\/media?parent=3766"}],"curies":[{"name":"wp","href":"https:\/\/api.w.org\/{rel}","templated":true}]}}