{"id":677,"date":"2014-05-24T11:38:46","date_gmt":"2014-05-24T09:38:46","guid":{"rendered":"http:\/\/www.dynamicsproject.com\/?page_id=677"},"modified":"2022-07-06T15:04:10","modified_gmt":"2022-07-06T13:04:10","slug":"support","status":"publish","type":"page","link":"https:\/\/www.dynamicsproject.com\/en\/support","title":{"rendered":"SUPPORT | SALES"},"content":{"rendered":"<h1 class=\"title-underline\">What can we do to help?<\/h1>\n<p>    <!-- BEGIN SERVICE BOX --><\/p>\n<div class=\"row service-box\">\n<div class=\"col-lg-4 col-md-3 col-sm-3\">\n<div class=\"service-box-heading\"> <span style=\"color: #1E5D9C;font-size: 18px;\"><strong>Support topics<\/strong><\/span> <\/div>\n<p><a href=\"\/en\/support\/softwaredownloads\/\" style=\"font-size: 16px;text-transform: none;color: #656565;\">Software-Downloads<\/a><\/p>\n<p><a href=\"\/en\/support\/faq\/\" style=\"font-size: 16px;text-transform: none;color: #656565;\">Frequently Asked Questions<\/a><\/p>\n<p><a href=\"\/en\/support\/returnsrefunds\/\" style=\"font-size: 16px;text-transform: none;color: #656565;\">Returns | Refunds<\/a><\/p>\n<p><a href=\"\/en\/datenschutz\/\" style=\"font-size: 16px;text-transform: none;color: #656565;\">Questions about data privacy<\/a><\/p>\n<\/p><\/div>\n<div class=\"col-lg-4 col-md-3 col-sm-3\">\n<div class=\"service-box-heading\"> <span style=\"color: #1E5D9C;font-size: 18px;\"><strong>Downloads<\/strong><\/span> <\/div>\n<p><a href=\"\/en\/dynamics-nav-tools\/\" style=\"font-size: 16px;text-transform: none;color: #656565;\">Current Vision 8 Updates<\/a><\/p>\n<\/p><\/div>\n<div class=\"col-lg-4 col-md-3 col-sm-3\">\n<div class=\"service-box-heading\"> <span style=\"color: #1E5D9C;font-size: 18px;\"><strong>How you can reach us<\/strong><\/span><\/div>\n<p style=\"font-size: 16px;text-transform: none;color: #656565;\">Service hours sales and customer support:<\/p>\n<p style=\"font-size: 16px;text-transform: none;color: #656565;\">9.00 - 17.00 (CET), Monday to Friday <\/p>\n<p style=\"font-size: 16px;text-transform: none;color: #656565;\">Phone  +49 202 70 92 31 90<\/p>\n<\/p><\/div>\n<\/p><\/div>\n<p>    <!-- END SERVICE BOX --><\/p>\n<div class=\"row service-box\">\n<div class=\"col-lg-4 col-md-3 col-sm-3\">  <\/div>\n<div class=\"col-lg-4 col-md-3 col-sm-3\"> <\/div>\n<div class=\"col-lg-4 col-md-3 col-sm-3\"> <a class=\"btn\" href=\"\/\/www.dynamicsproject.com\/en\/contact\/\" target=\"_blank\" style=\"width: 150px; padding: 2px; border: 1px solid #1E5D9C;color: #FFF; background-color: #1E5D9C\" rel=\"noopener noreferrer\">Contact us<\/a> <\/div>\n<\/p><\/div>\n<p>    <!-- END SERVICE BOX --> <\/p>\n<p style=\"margin-bottom: 30px\">\n    <br class=\"clear\" \/>\n<\/p>\n<p id=\"back-top\">\n    <a href=\"#top\"><span><\/span>Back to Top<\/a><\/p>","protected":false},"excerpt":{"rendered":"<p>Wie k\u00f6nnen wir helfen? Support-Themen Software-Downloads Frequently Asked Questions R\u00fcckgaben | R\u00fcckerstattungen Fragen zum Datenschutz Downloads Aktuelle Vision 8 Updates So erreichen Sie uns Servicezeiten Vertrieb und Kundensupport: 9.00 &#8211; 17.00 Uhr (MEZ), Montag bis Freitag Telefon: +49 (0)202 70 92 31 90 Kontakt Back to Top<\/p>","protected":false},"author":2,"featured_media":0,"parent":0,"menu_order":4,"comment_status":"closed","ping_status":"closed","template":"fullwidth.php","meta":{"footnotes":""},"class_list":["post-677","page","type-page","status-publish","hentry"],"yoast_head":"<!-- This site is optimized with the Yoast SEO plugin v27.4 - https:\/\/yoast.com\/product\/yoast-seo-wordpress\/ -->\n<title>Vertrieb und Kundensupport<\/title>\n<meta name=\"description\" content=\"Servicezeiten Vertrieb und Kundensupport: 9.00 - 17.00 Uhr (MEZ), Montag bis Freitag Telefon: +49 (0)221 800 57 080\" \/>\n<meta name=\"robots\" content=\"index, follow, max-snippet:-1, max-image-preview:large, max-video-preview:-1\" \/>\n<link rel=\"canonical\" href=\"https:\/\/www.dynamicsproject.com\/en\/support\" \/>\n<meta property=\"og:locale\" content=\"en_US\" \/>\n<meta property=\"og:type\" content=\"article\" \/>\n<meta property=\"og:title\" content=\"Vertrieb und Kundensupport\" \/>\n<meta property=\"og:description\" content=\"Servicezeiten Vertrieb und Kundensupport: 9.00 - 17.00 Uhr (MEZ), Montag bis Freitag Telefon: +49 (0)221 800 57 080\" \/>\n<meta property=\"og:url\" content=\"https:\/\/www.dynamicsproject.com\/en\/support\" \/>\n<meta property=\"og:site_name\" content=\"Dynamicsproject.com\" \/>\n<meta property=\"article:modified_time\" content=\"2022-07-06T13:04:10+00:00\" \/>\n<script type=\"application\/ld+json\" class=\"yoast-schema-graph\">{\"@context\":\"https:\\\/\\\/schema.org\",\"@graph\":[{\"@type\":\"WebPage\",\"@id\":\"https:\\\/\\\/www.dynamicsproject.com\\\/support\",\"url\":\"https:\\\/\\\/www.dynamicsproject.com\\\/support\",\"name\":\"Vertrieb und Kundensupport\",\"isPartOf\":{\"@id\":\"https:\\\/\\\/www.dynamicsproject.com\\\/#website\"},\"datePublished\":\"2014-05-24T09:38:46+00:00\",\"dateModified\":\"2022-07-06T13:04:10+00:00\",\"description\":\"Servicezeiten Vertrieb und Kundensupport: 9.00 - 17.00 Uhr (MEZ), Montag bis Freitag Telefon: +49 (0)221 800 57 080\",\"breadcrumb\":{\"@id\":\"https:\\\/\\\/www.dynamicsproject.com\\\/support#breadcrumb\"},\"inLanguage\":\"en-US\",\"potentialAction\":[{\"@type\":\"ReadAction\",\"target\":[\"https:\\\/\\\/www.dynamicsproject.com\\\/support\"]}]},{\"@type\":\"BreadcrumbList\",\"@id\":\"https:\\\/\\\/www.dynamicsproject.com\\\/support#breadcrumb\",\"itemListElement\":[{\"@type\":\"ListItem\",\"position\":1,\"name\":\"Startseite\",\"item\":\"https:\\\/\\\/www.dynamicsproject.com\\\/\"},{\"@type\":\"ListItem\",\"position\":2,\"name\":\"SUPPORT | SALES\"}]},{\"@type\":\"WebSite\",\"@id\":\"https:\\\/\\\/www.dynamicsproject.com\\\/#website\",\"url\":\"https:\\\/\\\/www.dynamicsproject.com\\\/\",\"name\":\"Dynamicsproject.com\",\"description\":\"\",\"publisher\":{\"@id\":\"https:\\\/\\\/www.dynamicsproject.com\\\/#organization\"},\"potentialAction\":[{\"@type\":\"SearchAction\",\"target\":{\"@type\":\"EntryPoint\",\"urlTemplate\":\"https:\\\/\\\/www.dynamicsproject.com\\\/?s={search_term_string}\"},\"query-input\":{\"@type\":\"PropertyValueSpecification\",\"valueRequired\":true,\"valueName\":\"search_term_string\"}}],\"inLanguage\":\"en-US\"},{\"@type\":\"Organization\",\"@id\":\"https:\\\/\\\/www.dynamicsproject.com\\\/#organization\",\"name\":\"Dynamicsproject.com\",\"url\":\"https:\\\/\\\/www.dynamicsproject.com\\\/\",\"logo\":{\"@type\":\"ImageObject\",\"inLanguage\":\"en-US\",\"@id\":\"https:\\\/\\\/www.dynamicsproject.com\\\/#\\\/schema\\\/logo\\\/image\\\/\",\"url\":\"https:\\\/\\\/www.dynamicsproject.com\\\/wp-content\\\/uploads\\\/2015\\\/05\\\/DPLogo.jpg\",\"contentUrl\":\"https:\\\/\\\/www.dynamicsproject.com\\\/wp-content\\\/uploads\\\/2015\\\/05\\\/DPLogo.jpg\",\"width\":350,\"height\":53,\"caption\":\"Dynamicsproject.com\"},\"image\":{\"@id\":\"https:\\\/\\\/www.dynamicsproject.com\\\/#\\\/schema\\\/logo\\\/image\\\/\"}}]}<\/script>\n<!-- \/ Yoast SEO plugin. -->","yoast_head_json":{"title":"Vertrieb und Kundensupport","description":"Servicezeiten Vertrieb und Kundensupport: 9.00 - 17.00 Uhr (MEZ), Montag bis Freitag Telefon: +49 (0)221 800 57 080","robots":{"index":"index","follow":"follow","max-snippet":"max-snippet:-1","max-image-preview":"max-image-preview:large","max-video-preview":"max-video-preview:-1"},"canonical":"https:\/\/www.dynamicsproject.com\/en\/support","og_locale":"en_US","og_type":"article","og_title":"Vertrieb und Kundensupport","og_description":"Servicezeiten Vertrieb und Kundensupport: 9.00 - 17.00 Uhr (MEZ), Montag bis Freitag Telefon: +49 (0)221 800 57 080","og_url":"https:\/\/www.dynamicsproject.com\/en\/support","og_site_name":"Dynamicsproject.com","article_modified_time":"2022-07-06T13:04:10+00:00","schema":{"@context":"https:\/\/schema.org","@graph":[{"@type":"WebPage","@id":"https:\/\/www.dynamicsproject.com\/support","url":"https:\/\/www.dynamicsproject.com\/support","name":"Vertrieb und Kundensupport","isPartOf":{"@id":"https:\/\/www.dynamicsproject.com\/#website"},"datePublished":"2014-05-24T09:38:46+00:00","dateModified":"2022-07-06T13:04:10+00:00","description":"Servicezeiten Vertrieb und Kundensupport: 9.00 - 17.00 Uhr (MEZ), Montag bis Freitag Telefon: +49 (0)221 800 57 080","breadcrumb":{"@id":"https:\/\/www.dynamicsproject.com\/support#breadcrumb"},"inLanguage":"en-US","potentialAction":[{"@type":"ReadAction","target":["https:\/\/www.dynamicsproject.com\/support"]}]},{"@type":"BreadcrumbList","@id":"https:\/\/www.dynamicsproject.com\/support#breadcrumb","itemListElement":[{"@type":"ListItem","position":1,"name":"Startseite","item":"https:\/\/www.dynamicsproject.com\/"},{"@type":"ListItem","position":2,"name":"SUPPORT | SALES"}]},{"@type":"WebSite","@id":"https:\/\/www.dynamicsproject.com\/#website","url":"https:\/\/www.dynamicsproject.com\/","name":"Dynamicsproject.com","description":"","publisher":{"@id":"https:\/\/www.dynamicsproject.com\/#organization"},"potentialAction":[{"@type":"SearchAction","target":{"@type":"EntryPoint","urlTemplate":"https:\/\/www.dynamicsproject.com\/?s={search_term_string}"},"query-input":{"@type":"PropertyValueSpecification","valueRequired":true,"valueName":"search_term_string"}}],"inLanguage":"en-US"},{"@type":"Organization","@id":"https:\/\/www.dynamicsproject.com\/#organization","name":"Dynamicsproject.com","url":"https:\/\/www.dynamicsproject.com\/","logo":{"@type":"ImageObject","inLanguage":"en-US","@id":"https:\/\/www.dynamicsproject.com\/#\/schema\/logo\/image\/","url":"https:\/\/www.dynamicsproject.com\/wp-content\/uploads\/2015\/05\/DPLogo.jpg","contentUrl":"https:\/\/www.dynamicsproject.com\/wp-content\/uploads\/2015\/05\/DPLogo.jpg","width":350,"height":53,"caption":"Dynamicsproject.com"},"image":{"@id":"https:\/\/www.dynamicsproject.com\/#\/schema\/logo\/image\/"}}]}},"_links":{"self":[{"href":"https:\/\/www.dynamicsproject.com\/en\/wp-json\/wp\/v2\/pages\/677","targetHints":{"allow":["GET"]}}],"collection":[{"href":"https:\/\/www.dynamicsproject.com\/en\/wp-json\/wp\/v2\/pages"}],"about":[{"href":"https:\/\/www.dynamicsproject.com\/en\/wp-json\/wp\/v2\/types\/page"}],"author":[{"embeddable":true,"href":"https:\/\/www.dynamicsproject.com\/en\/wp-json\/wp\/v2\/users\/2"}],"replies":[{"embeddable":true,"href":"https:\/\/www.dynamicsproject.com\/en\/wp-json\/wp\/v2\/comments?post=677"}],"version-history":[{"count":1,"href":"https:\/\/www.dynamicsproject.com\/en\/wp-json\/wp\/v2\/pages\/677\/revisions"}],"predecessor-version":[{"id":10347,"href":"https:\/\/www.dynamicsproject.com\/en\/wp-json\/wp\/v2\/pages\/677\/revisions\/10347"}],"wp:attachment":[{"href":"https:\/\/www.dynamicsproject.com\/en\/wp-json\/wp\/v2\/media?parent=677"}],"curies":[{"name":"wp","href":"https:\/\/api.w.org\/{rel}","templated":true}]}}